{"id":29,"date":"2020-09-26T23:02:40","date_gmt":"2020-09-26T23:02:40","guid":{"rendered":"http:\/\/box5411.temp.domains\/~etterpa2\/?page_id=29"},"modified":"2020-09-29T01:40:14","modified_gmt":"2020-09-29T01:40:14","slug":"about","status":"publish","type":"page","link":"https:\/\/betterparkinglatam.com\/pt\/about\/","title":{"rendered":"Sobre"},"content":{"rendered":"<p><span class=\"has-inline-color has-accent-color\"><strong>EXCEL\u00caNCIA DE SERVI\u00c7O<\/strong> <\/span>\u2013 Como usu\u00e1rios de estacionamentos, todos temos visto diferentes exemplos de mal servi\u00e7o, layout n\u00e3o bem pensado, terminais de pagamento sem funcionar, pre\u00e7os abusivos etc. <strong>BetterParkingLatam <\/strong>procura fomentar as boas pr\u00e1ticas e a excel\u00eancia de servi\u00e7o em opera\u00e7\u00f5es de Parking na Am\u00e9rica Latina, e dessa forma contribuir a melhorar os padr\u00f5es de opera\u00e7\u00e3o e a experi\u00eancia do cliente nos estacionamentos na regi\u00e3o.<\/p>\n\n\n\n<p><strong><span class=\"has-inline-color has-accent-color\">INDEPENDENTE<\/span><\/strong> &#8211; <strong>BetterParkingLatam <\/strong>\u00e9 independente de vendedores de equipes, operadores e donos de Parking. Estamos comprometidos com o cliente, com o servi\u00e7o de excel\u00eancia, com o trabalho bem feito.<\/p>\n\n\n\n<p><strong><span class=\"has-inline-color has-accent-color\">SEM FINS DE LUCRO<\/span><\/strong><span style=\"color:#0b10a0\" class=\"has-inline-color\"> <\/span>&#8211; <strong>BetterParkingLatam <\/strong>\u00e9 um servi\u00e7o gratuito e non-profit oferecido pela impaktum consulting, empresa especializada em consultorias de Parking com escrit\u00f3rios em Santiago de Chile.<\/p>","protected":false},"excerpt":{"rendered":"<p>EXCELENCIA DE SERVICIO &#8211; Como usuarios de estacionamientos, todos hemos visto m\u00faltiples ejemplos de mal servicio, layout no bien pensado, cajeros sin funcionamiento, tarifas abusivas etc. BetterParkingLatam busca fomentar las buenas pr\u00e1cticas e impulsar la excelencia de servicio en operaciones de Parking en Am\u00e9rica Latina, y as\u00ed contribuir a mejorar los est\u00e1ndares y la experiencia [&hellip;]<\/p>\n","protected":false},"author":1,"featured_media":0,"parent":0,"menu_order":0,"comment_status":"closed","ping_status":"closed","template":"","meta":{"nf_dc_page":"","om_disable_all_campaigns":false,"_monsterinsights_skip_tracking":false,"_monsterinsights_sitenote_active":false,"_monsterinsights_sitenote_note":"","_monsterinsights_sitenote_category":0,"footnotes":""},"class_list":["post-29","page","type-page","status-publish","hentry"],"jetpack_sharing_enabled":true,"_links":{"self":[{"href":"https:\/\/betterparkinglatam.com\/pt\/wp-json\/wp\/v2\/pages\/29","targetHints":{"allow":["GET"]}}],"collection":[{"href":"https:\/\/betterparkinglatam.com\/pt\/wp-json\/wp\/v2\/pages"}],"about":[{"href":"https:\/\/betterparkinglatam.com\/pt\/wp-json\/wp\/v2\/types\/page"}],"author":[{"embeddable":true,"href":"https:\/\/betterparkinglatam.com\/pt\/wp-json\/wp\/v2\/users\/1"}],"replies":[{"embeddable":true,"href":"https:\/\/betterparkinglatam.com\/pt\/wp-json\/wp\/v2\/comments?post=29"}],"version-history":[{"count":5,"href":"https:\/\/betterparkinglatam.com\/pt\/wp-json\/wp\/v2\/pages\/29\/revisions"}],"predecessor-version":[{"id":98,"href":"https:\/\/betterparkinglatam.com\/pt\/wp-json\/wp\/v2\/pages\/29\/revisions\/98"}],"wp:attachment":[{"href":"https:\/\/betterparkinglatam.com\/pt\/wp-json\/wp\/v2\/media?parent=29"}],"curies":[{"name":"wp","href":"https:\/\/api.w.org\/{rel}","templated":true}]}}