{"id":31,"date":"2020-09-26T23:02:41","date_gmt":"2020-09-26T23:02:41","guid":{"rendered":"http:\/\/box5411.temp.domains\/~etterpa2\/?page_id=31"},"modified":"2020-09-29T00:49:05","modified_gmt":"2020-09-29T00:49:05","slug":"blog","status":"publish","type":"page","link":"https:\/\/betterparkinglatam.com\/pt\/blog\/","title":{"rendered":"Sua experi\u00eancia"},"content":{"rendered":"<p>Como usu\u00e1rio de estacionamentos, tem exemplos de bom o mal servi\u00e7o? Conhece alguma opera\u00e7\u00e3o de Parking muito bem gerenciada? Ou uma aten\u00e7\u00e3o ao cliente tao horr\u00edvel que jurou nunca mais retornar a esse estacionamento?<\/p>\n\n\n\n<p>Compartilhe sua experi\u00eancia e escreva a betterparkinglatam@impaktum.org <\/p>\n\n\n\n<figure class=\"wp-block-image size-large\"><img data-recalc-dims=\"1\" loading=\"lazy\" decoding=\"async\" width=\"580\" height=\"391\" src=\"https:\/\/i0.wp.com\/betterparkinglatam.com\/\/wp-content\/uploads\/2020\/09\/good-and-bad.jpeg?resize=580%2C391&#038;ssl=1\" alt=\"\" class=\"wp-image-89\" srcset=\"https:\/\/i0.wp.com\/betterparkinglatam.com\/wp-content\/uploads\/2020\/09\/good-and-bad.jpeg?w=800&amp;ssl=1 800w, https:\/\/i0.wp.com\/betterparkinglatam.com\/wp-content\/uploads\/2020\/09\/good-and-bad.jpeg?resize=300%2C202&amp;ssl=1 300w, https:\/\/i0.wp.com\/betterparkinglatam.com\/wp-content\/uploads\/2020\/09\/good-and-bad.jpeg?resize=768%2C517&amp;ssl=1 768w\" sizes=\"auto, (max-width: 580px) 100vw, 580px\" \/><\/figure>","protected":false},"excerpt":{"rendered":"<p>Como usuario de estacionamientos, tienes ejemplos de buen o de mal servicio? Conoces alguna operaci\u00f3n de Parking que consideras muy bien gestionada? O una atenci\u00f3n al cliente tan horrible que juraste nunca m\u00e1s volver a ese Parking? Comparte tu experiencia y escr\u00edbenos a betterparkinglatam@impaktum.org<\/p>","protected":false},"author":1,"featured_media":0,"parent":0,"menu_order":0,"comment_status":"closed","ping_status":"closed","template":"","meta":{"nf_dc_page":"","om_disable_all_campaigns":false,"_monsterinsights_skip_tracking":false,"_monsterinsights_sitenote_active":false,"_monsterinsights_sitenote_note":"","_monsterinsights_sitenote_category":0,"footnotes":""},"class_list":["post-31","page","type-page","status-publish","hentry"],"jetpack_sharing_enabled":true,"_links":{"self":[{"href":"https:\/\/betterparkinglatam.com\/pt\/wp-json\/wp\/v2\/pages\/31","targetHints":{"allow":["GET"]}}],"collection":[{"href":"https:\/\/betterparkinglatam.com\/pt\/wp-json\/wp\/v2\/pages"}],"about":[{"href":"https:\/\/betterparkinglatam.com\/pt\/wp-json\/wp\/v2\/types\/page"}],"author":[{"embeddable":true,"href":"https:\/\/betterparkinglatam.com\/pt\/wp-json\/wp\/v2\/users\/1"}],"replies":[{"embeddable":true,"href":"https:\/\/betterparkinglatam.com\/pt\/wp-json\/wp\/v2\/comments?post=31"}],"version-history":[{"count":4,"href":"https:\/\/betterparkinglatam.com\/pt\/wp-json\/wp\/v2\/pages\/31\/revisions"}],"predecessor-version":[{"id":90,"href":"https:\/\/betterparkinglatam.com\/pt\/wp-json\/wp\/v2\/pages\/31\/revisions\/90"}],"wp:attachment":[{"href":"https:\/\/betterparkinglatam.com\/pt\/wp-json\/wp\/v2\/media?parent=31"}],"curies":[{"name":"wp","href":"https:\/\/api.w.org\/{rel}","templated":true}]}}